{"id":2469,"date":"2025-04-05T17:51:48","date_gmt":"2025-04-05T15:51:48","guid":{"rendered":"https:\/\/maisonlaroque.fr\/?page_id=2469"},"modified":"2025-04-05T17:51:49","modified_gmt":"2025-04-05T15:51:49","slug":"mentions-legales","status":"publish","type":"page","link":"https:\/\/maisonlaroque.fr\/en\/mentions-legales\/","title":{"rendered":"Legal Mentions"},"content":{"rendered":"<h2 class=\"wp-block-heading\">MENTIONS L\u00c9GALES<\/h2>\n\n\n\n<p><strong>Maison La Roque \u2013 Traiteur \u00e0 domicile<\/strong><br>Conform\u00e9ment aux articles 6-III et 19 de la loi n\u00b02004-575 du 21 juin 2004 pour la Confiance dans l\u2019\u00e9conomie num\u00e9rique (LCEN)<\/p>\n\n\n\n<h3 class=\"wp-block-heading\">1. \u00c9diteur du site<\/h3>\n\n\n\n<p>Le pr\u00e9sent site est \u00e9dit\u00e9 par :<\/p>\n\n\n\n<p><strong>Maison La Roque<\/strong><br>Entreprise individuelle \u2013 Micro-entrepreneur<br>Repr\u00e9sent\u00e9e par : <strong>Micha\u00ebl Nadjarian<\/strong><br>Adresse : 110 route Guy Georgy, 24250 La Roque-Gageac<br>SIRET : 792 814 865 00046<br>Email : <strong><a>michael.nadjarian@gmail.fr<\/a><\/strong><br>T\u00e9l\u00e9phone : 06 24 63 15 75<br>Code APE : 5621Z<\/p>\n\n\n\n<h3 class=\"wp-block-heading\">2. H\u00e9bergeur du site<\/h3>\n\n\n\n<p>Le site est h\u00e9berg\u00e9 par : <strong>OVH<\/strong><\/p>\n\n\n\n<p>Adresse : <strong>2, rue Kellermann, 59100 Roubaix<\/strong><br>T\u00e9l\u00e9phone : 1007<br>Site : <a href=\"https:\/\/www.ovhcloud.com\/fr\/\">https:\/\/www.ovhcloud.com\/fr\/<\/a><\/p>","protected":false},"excerpt":{"rendered":"<p>MENTIONS L\u00c9GALES Maison La Roque \u2013 Traiteur \u00e0 domicileConform\u00e9ment aux articles 6-III et 19 de la loi n\u00b02004-575 du 21 juin 2004 pour la Confiance dans l\u2019\u00e9conomie num\u00e9rique (LCEN) 1. \u00c9diteur du site Le pr\u00e9sent site est \u00e9dit\u00e9 par : Maison La RoqueEntreprise individuelle \u2013 Micro-entrepreneurRepr\u00e9sent\u00e9e par : Micha\u00ebl NadjarianAdresse : 110 route Guy Georgy, [&hellip;]<\/p>","protected":false},"author":1,"featured_media":0,"parent":0,"menu_order":0,"comment_status":"closed","ping_status":"closed","template":"","meta":{"_uag_custom_page_level_css":"","site-sidebar-layout":"default","site-content-layout":"","ast-site-content-layout":"default","site-content-style":"default","site-sidebar-style":"default","ast-global-header-display":"","ast-banner-title-visibility":"","ast-main-header-display":"","ast-hfb-above-header-display":"","ast-hfb-below-header-display":"","ast-hfb-mobile-header-display":"","site-post-title":"","ast-breadcrumbs-content":"","ast-featured-img":"","footer-sml-layout":"","theme-transparent-header-meta":"","adv-header-id-meta":"","stick-header-meta":"","header-above-stick-meta":"","header-main-stick-meta":"","header-below-stick-meta":"","astra-migrate-meta-layouts":"set","ast-page-background-enabled":"default","ast-page-background-meta":{"desktop":{"background-color":"","background-image":"","background-repeat":"repeat","background-position":"center center","background-size":"auto","background-attachment":"scroll","background-type":"","background-media":"","overlay-type":"","overlay-color":"","overlay-opacity":"","overlay-gradient":""},"tablet":{"background-color":"","background-image":"","background-repeat":"repeat","background-position":"center center","background-size":"auto","background-attachment":"scroll","background-type":"","background-media":"","overlay-type":"","overlay-color":"","overlay-opacity":"","overlay-gradient":""},"mobile":{"background-color":"","background-image":"","background-repeat":"repeat","background-position":"center center","background-size":"auto","background-attachment":"scroll","background-type":"","background-media":"","overlay-type":"","overlay-color":"","overlay-opacity":"","overlay-gradient":""}},"ast-content-background-meta":{"desktop":{"background-color":"var(--ast-global-color-5)","background-image":"","background-repeat":"repeat","background-position":"center center","background-size":"auto","background-attachment":"scroll","background-type":"","background-media":"","overlay-type":"","overlay-color":"","overlay-opacity":"","overlay-gradient":""},"tablet":{"background-color":"var(--ast-global-color-5)","background-image":"","background-repeat":"repeat","background-position":"center center","background-size":"auto","background-attachment":"scroll","background-type":"","background-media":"","overlay-type":"","overlay-color":"","overlay-opacity":"","overlay-gradient":""},"mobile":{"background-color":"var(--ast-global-color-5)","background-image":"","background-repeat":"repeat","background-position":"center center","background-size":"auto","background-attachment":"scroll","background-type":"","background-media":"","overlay-type":"","overlay-color":"","overlay-opacity":"","overlay-gradient":""}},"footnotes":""},"class_list":["post-2469","page","type-page","status-publish","hentry"],"uagb_featured_image_src":{"full":false,"thumbnail":false,"medium":false,"medium_large":false,"large":false,"1536x1536":false,"2048x2048":false,"trp-custom-language-flag":false},"uagb_author_info":{"display_name":"admin8374","author_link":"https:\/\/maisonlaroque.fr\/en\/author\/admin8374\/"},"uagb_comment_info":0,"uagb_excerpt":"MENTIONS L\u00c9GALES Maison La Roque \u2013 Traiteur \u00e0 domicileConform\u00e9ment aux articles 6-III et 19 de la loi n\u00b02004-575 du 21 juin 2004 pour la Confiance dans l\u2019\u00e9conomie num\u00e9rique (LCEN) 1. \u00c9diteur du site Le pr\u00e9sent site est \u00e9dit\u00e9 par : Maison La RoqueEntreprise individuelle \u2013 Micro-entrepreneurRepr\u00e9sent\u00e9e par : Micha\u00ebl NadjarianAdresse : 110 route Guy Georgy,&hellip;","_links":{"self":[{"href":"https:\/\/maisonlaroque.fr\/en\/wp-json\/wp\/v2\/pages\/2469","targetHints":{"allow":["GET"]}}],"collection":[{"href":"https:\/\/maisonlaroque.fr\/en\/wp-json\/wp\/v2\/pages"}],"about":[{"href":"https:\/\/maisonlaroque.fr\/en\/wp-json\/wp\/v2\/types\/page"}],"author":[{"embeddable":true,"href":"https:\/\/maisonlaroque.fr\/en\/wp-json\/wp\/v2\/users\/1"}],"replies":[{"embeddable":true,"href":"https:\/\/maisonlaroque.fr\/en\/wp-json\/wp\/v2\/comments?post=2469"}],"version-history":[{"count":1,"href":"https:\/\/maisonlaroque.fr\/en\/wp-json\/wp\/v2\/pages\/2469\/revisions"}],"predecessor-version":[{"id":2470,"href":"https:\/\/maisonlaroque.fr\/en\/wp-json\/wp\/v2\/pages\/2469\/revisions\/2470"}],"wp:attachment":[{"href":"https:\/\/maisonlaroque.fr\/en\/wp-json\/wp\/v2\/media?parent=2469"}],"curies":[{"name":"wp","href":"https:\/\/api.w.org\/{rel}","templated":true}]}}